{"id":25,"date":"2018-12-05T12:44:22","date_gmt":"2018-12-05T12:44:22","guid":{"rendered":"https:\/\/wilmer.mikado-themes.com\/?page_id=25"},"modified":"2019-12-05T13:52:24","modified_gmt":"2019-12-05T13:52:24","slug":"quienes-somos","status":"publish","type":"page","link":"https:\/\/www.blockkhoury.com\/khoury\/en\/quienes-somos\/","title":{"rendered":"Who We Are"},"content":{"rendered":"<div class=\"mkdf-row-grid-section-wrapper\"  ><div class=\"mkdf-row-grid-section\"><div class=\"vc_row wpb_row vc_row-fluid vc_custom_1557182067131 mkdf-row-light-btt-skin mkdf-row-with-bg-pattern\" ><div class=\"wpb_column vc_column_container vc_col-sm-12 vc_col-lg-offset-0 vc_col-lg-12 vc_col-md-offset-0 vc_col-md-12 vc_col-sm-offset-0\"><div class=\"vc_column-inner\"><div class=\"wpb_wrapper\"><div class=\"mkdf-elements-holder   mkdf-two-columns  mkdf-responsive-mode-1024\" ><div class=\"mkdf-eh-item mkdf-appearing-section\"  data-item-class=\"mkdf-eh-custom-4147\" data-1367-1600=\"0px 0px 0 0px\" data-1025-1366=\"0px 0px 0 0px\" data-769-1024=\"0px 0px 0 0px\" data-681-768=\"0px 0px 0 0px\" data-680=\"0px 0px 0 0px\">\n\t<div class=\"mkdf-eh-item-inner\">\n\t\t<div class=\"mkdf-eh-item-content mkdf-eh-custom-4147\" style=\"padding: 0 0 0 0\">\n\t\t\t<div class=\"mkdf-single-image-holder\">\n    <div class=\"mkdf-si-inner\" >\n                                    <img width=\"1920\" height=\"1100\" src=\"https:\/\/www.blockkhoury.com\/khoury\/wp-content\/uploads\/2019\/09\/khoury_planta_2.jpg\" class=\"attachment-full size-full\" alt=\"\" loading=\"lazy\" srcset=\"https:\/\/www.blockkhoury.com\/khoury\/wp-content\/uploads\/2019\/09\/khoury_planta_2.jpg 1920w, https:\/\/www.blockkhoury.com\/khoury\/wp-content\/uploads\/2019\/09\/khoury_planta_2-600x344.jpg 600w, https:\/\/www.blockkhoury.com\/khoury\/wp-content\/uploads\/2019\/09\/khoury_planta_2-300x172.jpg 300w, https:\/\/www.blockkhoury.com\/khoury\/wp-content\/uploads\/2019\/09\/khoury_planta_2-768x440.jpg 768w, https:\/\/www.blockkhoury.com\/khoury\/wp-content\/uploads\/2019\/09\/khoury_planta_2-1024x587.jpg 1024w\" sizes=\"(max-width: 1920px) 100vw, 1920px\" \/>                        <\/div>\n<\/div>\t\t<\/div>\n\t<\/div>\n<\/div><div class=\"mkdf-eh-item\"  data-item-class=\"mkdf-eh-custom-3368\" data-1367-1600=\"0px 120px 0 50px\" data-1025-1366=\"0px 20px 0 50px\" data-769-1024=\"57px 260px 0 0px\" data-681-768=\"57px 120px 0 0px\" data-680=\"57px 0px 0 0px\">\n\t<div class=\"mkdf-eh-item-inner\">\n\t\t<div class=\"mkdf-eh-item-content mkdf-eh-custom-3368\" style=\"padding: 0px 90px 8px 80px\">\n\t\t\t<div class=\"mkdf-section-title-holder  mkdf-st-standard mkdf-st-title-left mkdf-st-normal-space\" >\n\t<div class=\"mkdf-st-inner\">\n                    <h6 class=\"mkdf-st-intro-title\" style=\"color: #565969\">\n                Our            <\/h6>\n        \t\t\t\t\t<h2 class=\"mkdf-st-title\" style=\"color: #134025\">\n\t\t\t\tHistory\t\t\t<\/h2>\n\t\t\t\t\t\t\t<h5 class=\"mkdf-st-text\" style=\"color: #565969;font-size: 16px;line-height: 26px;font-weight: 300;margin-top: 20px\">\n\t\t\t\tKhoury Industrial was founded in 1957 in Barahona, Dominican Republic. Its founder, Nabij Khoury, begins by manufacturing blocks for customers who were in the vicinity of the facilities. In the early 90\u2019s the company rebrands its image and the foundation of its current vision is built.\t\t\t<\/h5>\n\t\t\t<\/div>\n<\/div><div class=\"mkdf-section-title-holder  mkdf-st-standard mkdf-st-title-left mkdf-st-normal-space\" >\n\t<div class=\"mkdf-st-inner\">\n        \t\t\t\t\t\t\t<h5 class=\"mkdf-st-text\" style=\"color: #565969;font-size: 16px;line-height: 26px;font-weight: 300;margin-top: 20px\">\n\t\t\t\tThe first success factor was to include technology as part of our expansion strategy. Then, we found the differentiating element that helped us penetrate new markets, the limestone raw material, our aggregate.\t\t\t<\/h5>\n\t\t\t<\/div>\n<\/div><div class=\"mkdf-section-title-holder  mkdf-st-standard mkdf-st-title-left mkdf-st-normal-space\" >\n\t<div class=\"mkdf-st-inner\">\n        \t\t\t\t\t\t\t<h5 class=\"mkdf-st-text\" style=\"color: #565969;font-size: 16px;line-height: 26px;font-weight: 300;margin-top: 20px\">\n\t\t\t\tIn 2000, Khoury Industrial began its strategy to penetrate the Caribbean islands market and we are currently positioned as a leading company. We now have more than 60 years of uninterrupted operations.\t\t\t<\/h5>\n\t\t\t<\/div>\n<\/div><div class=\"vc_empty_space\"   style=\"height: 32px\"><span class=\"vc_empty_space_inner\"><\/span><\/div>\t\t<\/div>\n\t<\/div>\n<\/div><\/div><\/div><\/div><\/div><div class=\"mkdf-row-background-pattern-holder\"><div class=\"mkdf-row-background-pattern-left\"><\/div><div class=\"mkdf-row-background-pattern-right\"><\/div><\/div><\/div><\/div><\/div><div class=\"mkdf-row-grid-section-wrapper mkdf-parallax-row-holder\" data-parallax-bg-image=\"https:\/\/www.blockkhoury.com\/khoury\/wp-content\/uploads\/2019\/05\/khoury_banner_5-1.jpg\" data-parallax-bg-speed=\"1\" data-parallax-bg-height=\"650\" style=\"background-color:#1f5d38\"><div class=\"mkdf-row-grid-section\"><div class=\"vc_row wpb_row vc_row-fluid vc_custom_1557186517603 mkdf-row-light-btt-skin vc_row-has-fill\" ><div class=\"wpb_column vc_column_container vc_col-sm-12 vc_col-lg-offset-0 vc_col-lg-12 vc_col-md-offset-0 vc_col-md-12 vc_col-sm-offset-0\"><div class=\"vc_column-inner\"><div class=\"wpb_wrapper\"><div class=\"mkdf-elements-holder   mkdf-two-columns  mkdf-responsive-mode-1024\" ><div class=\"mkdf-eh-item mkdf-appearing-section mkdf-vertical-alignment-top\"  data-item-class=\"mkdf-eh-custom-4624\" data-1367-1600=\"0px 0px 0 0px\" data-1025-1366=\"0px 0px 0 0px\" data-769-1024=\"0px 0px 0 0px\" data-681-768=\"0px 0px 0 0px\" data-680=\"0px 0px 0 0px\">\n\t<div class=\"mkdf-eh-item-inner\">\n\t\t<div class=\"mkdf-eh-item-content mkdf-eh-custom-4624\" style=\"padding: 0px 90px 8px 0px\">\n\t\t\t<div class=\"mkdf-section-title-holder  mkdf-st-standard mkdf-st-title-left mkdf-st-normal-space\" >\n\t<div class=\"mkdf-st-inner\">\n        \t\t\t\t\t<h2 class=\"mkdf-st-title\" style=\"color: #80be41\">\n\t\t\t\tMisi\u00f3n\t\t\t<\/h2>\n\t\t\t\t\t\t\t<h5 class=\"mkdf-st-text\" style=\"color: #ffffff;font-size: 16px;line-height: 26px;font-weight: 300;margin-top: 20px\">\n\t\t\t\t\u201cCrear y promover las mejores soluciones para la construcci\u00f3n, en armon\u00eda con el medio ambiente y desarrollando l\u00edderes con nuestras comunidades, para construir el mejor futuro hoy generando valor compartido.\t\t\t<\/h5>\n\t\t\t<\/div>\n<\/div><div class=\"mkdf-section-title-holder  mkdf-st-standard mkdf-st-title-left mkdf-st-normal-space\" >\n\t<div class=\"mkdf-st-inner\">\n        \t\t\t\t\t\t\t<h5 class=\"mkdf-st-text\" style=\"color: #ffffff;font-size: 16px;line-height: 26px;font-weight: 300;margin-top: 20px\">\n\t\t\t\tEsto lo hacemos con clientes y colaboradores satisfechos y empoderados, y con un modelo de gesti\u00f3n moderno y \u00e1gil.\u201d\t\t\t<\/h5>\n\t\t\t<\/div>\n<\/div><div class=\"vc_empty_space\"   style=\"height: 32px\"><span class=\"vc_empty_space_inner\"><\/span><\/div>\t\t<\/div>\n\t<\/div>\n<\/div><div class=\"mkdf-eh-item mkdf-appearing-section mkdf-vertical-alignment-top\"  data-item-class=\"mkdf-eh-custom-1363\" data-animation-delay=\"500\" data-1367-1600=\"0px 120px 0 50px\" data-1025-1366=\"0px 20px 0 50px\" data-769-1024=\"57px 260px 0 0px\" data-681-768=\"57px 120px 0 0px\" data-680=\"57px 0px 0 0px\">\n\t<div class=\"mkdf-eh-item-inner\">\n\t\t<div class=\"mkdf-eh-item-content mkdf-eh-custom-1363\" style=\"padding: 0px 90px 8px 0px\">\n\t\t\t<div class=\"mkdf-section-title-holder  mkdf-st-standard mkdf-st-title-left mkdf-st-normal-space\" >\n\t<div class=\"mkdf-st-inner\">\n        \t\t\t\t\t<h2 class=\"mkdf-st-title\" style=\"color: #80be41\">\n\t\t\t\tVision\t\t\t<\/h2>\n\t\t\t\t\t\t\t<h5 class=\"mkdf-st-text\" style=\"color: #ffffff;font-size: 16px;line-height: 26px;font-weight: 300;margin-top: 20px\">\n\t\t\t\t\"By 2022, be leaders in the development of innovative and sustainable solutions for construction in the Caribbean and Central America, with brands of increasing market share and generating shared value for our shareholders, our people and our communities.\"\t\t\t<\/h5>\n\t\t\t<\/div>\n<\/div><div class=\"vc_empty_space\"   style=\"height: 32px\"><span class=\"vc_empty_space_inner\"><\/span><\/div>\t\t<\/div>\n\t<\/div>\n<\/div><div class=\"mkdf-eh-item mkdf-appearing-section mkdf-vertical-alignment-top\"  data-item-class=\"mkdf-eh-custom-7751\" data-animation-delay=\"500\" data-1367-1600=\"0px 120px 0 50px\" data-1025-1366=\"0px 20px 0 50px\" data-769-1024=\"57px 260px 0 0px\" data-681-768=\"57px 120px 0 0px\" data-680=\"57px 0px 0 0px\">\n\t<div class=\"mkdf-eh-item-inner\">\n\t\t<div class=\"mkdf-eh-item-content mkdf-eh-custom-7751\" style=\"padding: 0px 90px 8px 0px\">\n\t\t\t<div class=\"mkdf-section-title-holder  mkdf-st-standard mkdf-st-title-left mkdf-st-normal-space\" >\n\t<div class=\"mkdf-st-inner\">\n        \t\t\t\t\t<h2 class=\"mkdf-st-title\" style=\"color: #80be41\">\n\t\t\t\tValues\t\t\t<\/h2>\n\t\t\t\t\t\t\t<h5 class=\"mkdf-st-text\" style=\"color: #ffffff;font-size: 16px;line-height: 26px;font-weight: 300;margin-top: 20px\">\n\t\t\t\t\u2022 We live loyalty and commitment<br \/>\n\u2022 We build happiness<br \/>\n\u2022 We are problem solvers<br \/>\n\u2022 We are a team<br \/>\n\u2022 We believe in the leadership of our brand<br \/>\n\u2022 We show gratitude and appreciation<br \/>\n\u2022 We are supportive\t\t\t<\/h5>\n\t\t\t<\/div>\n<\/div><div class=\"vc_empty_space\"   style=\"height: 32px\"><span class=\"vc_empty_space_inner\"><\/span><\/div>\t\t<\/div>\n\t<\/div>\n<\/div><\/div><\/div><\/div><\/div><\/div><\/div><\/div><div class=\"vc_row wpb_row vc_row-fluid mkdf-row-light-btt-skin mkdf-has-skewed-section-effect\" style=\"background-color:#efefef\"><div class=\"wpb_column vc_column_container vc_col-sm-12\"><div class=\"vc_column-inner\"><div class=\"wpb_wrapper\"><div class=\"mkdf-elements-holder   mkdf-one-column  mkdf-responsive-mode-768\" ><div class=\"mkdf-eh-item\"  data-item-class=\"mkdf-eh-custom-2433\" data-1367-1600=\"142px 0 0 130px\" data-1025-1366=\"142px 0 0 122px\" data-769-1024=\"96px 0 0 125px\" data-681-768=\"96px 0 0 81px\" data-680=\"99px 0 0 35px\">\n\t<div class=\"mkdf-eh-item-inner\">\n\t\t<div class=\"mkdf-eh-item-content mkdf-eh-custom-2433\" style=\"padding: 142px 0 0 298px\">\n\t\t\t\n\t<div class=\"wpb_text_column wpb_content_element\" >\n\t\t<div class=\"wpb_wrapper\">\n\t\t\t<h1><span style=\"color: #134025;\">What Shapes Us?<br \/>\n<\/span><\/h1>\n\n\t\t<\/div>\n\t<\/div>\n\t\t<\/div>\n\t<\/div>\n<\/div><\/div><\/div><\/div><\/div><\/div><div class=\"mkdf-row-grid-section-wrapper\"  style=\"background-color:#efefef\"><div class=\"mkdf-row-grid-section\"><div class=\"vc_row wpb_row vc_row-fluid vc_custom_1557185118632 mkdf-row-light-btt-skin mkdf-row-with-bg-pattern\" ><div class=\"wpb_column vc_column_container vc_col-sm-12 vc_col-lg-offset-0 vc_col-lg-12 vc_col-md-offset-0 vc_col-md-12 vc_col-sm-offset-0\"><div class=\"vc_column-inner\"><div class=\"wpb_wrapper\"><div class=\"mkdf-elements-holder   mkdf-three-columns  mkdf-responsive-mode-1024\" ><div class=\"mkdf-eh-item mkdf-accordion-height-fix\"  data-item-class=\"mkdf-eh-custom-5778\" data-1367-1600=\"0 0 23px 0\" data-1025-1366=\"0 0 19px 0\" data-769-1024=\"0 0 0 0\" data-681-768=\"0 0 0 0\" data-680=\"0 0 0 0\">\n\t<div class=\"mkdf-eh-item-inner\">\n\t\t<div class=\"mkdf-eh-item-content mkdf-eh-custom-5778\" style=\"padding: 0px 0px 9px 0px\">\n\t\t\t<div class=\"mkdf-accordion-holder mkdf-ac-default  mkdf-accordion mkdf-ac-boxed mkdf-white-skin   clearfix\">\n\t<h4 class=\"mkdf-accordion-title\" style=\"color: #3c9c5f\">\n    <span class=\"mkdf-tab-title\">Leadership<\/span>\n    <span class=\"mkdf-accordion-mark\">\n\t\t<span class=\"mkdf_icon_plus icon_plus\"><\/span>\n\t\t<span class=\"mkdf_icon_minus icon_minus-06\"><\/span>\n\t<\/span>\n<\/h4>\n<div class=\"mkdf-accordion-content\">\n\t<div class=\"mkdf-accordion-content-inner\">\n\t\t\n\t<div class=\"wpb_text_column wpb_content_element\" >\n\t\t<div class=\"wpb_wrapper\">\n\t\t\t<p>We want to always take the first step. Think big, be fast, and assertive, this being the guarantee to maintaining growth.<\/p>\n\n\t\t<\/div>\n\t<\/div>\n\t<\/div>\n<\/div><h4 class=\"mkdf-accordion-title\" style=\"color: #3c9c5f\">\n    <span class=\"mkdf-tab-title\">Solutions<\/span>\n    <span class=\"mkdf-accordion-mark\">\n\t\t<span class=\"mkdf_icon_plus icon_plus\"><\/span>\n\t\t<span class=\"mkdf_icon_minus icon_minus-06\"><\/span>\n\t<\/span>\n<\/h4>\n<div class=\"mkdf-accordion-content\">\n\t<div class=\"mkdf-accordion-content-inner\">\n\t\t\n\t<div class=\"wpb_text_column wpb_content_element\" >\n\t\t<div class=\"wpb_wrapper\">\n\t\t\t<p>We move from a focus on goods and products, to one where we comprehensively design solutions to the critical problems of our customers, incorporating services that increase value.<\/p>\n\n\t\t<\/div>\n\t<\/div>\n\t<\/div>\n<\/div><h4 class=\"mkdf-accordion-title\" style=\"color: #3c9c5f\">\n    <span class=\"mkdf-tab-title\">Innovation<\/span>\n    <span class=\"mkdf-accordion-mark\">\n\t\t<span class=\"mkdf_icon_plus icon_plus\"><\/span>\n\t\t<span class=\"mkdf_icon_minus icon_minus-06\"><\/span>\n\t<\/span>\n<\/h4>\n<div class=\"mkdf-accordion-content\">\n\t<div class=\"mkdf-accordion-content-inner\">\n\t\t\n\t<div class=\"wpb_text_column wpb_content_element\" >\n\t\t<div class=\"wpb_wrapper\">\n\t\t\t<p>Times send us to be more than blocks. Our systems, processes, products, services, and the market all demand to accelerate the pace of innovation.<\/p>\n\n\t\t<\/div>\n\t<\/div>\n\t<\/div>\n<\/div><h4 class=\"mkdf-accordion-title\" style=\"color: #3c9c5f\">\n    <span class=\"mkdf-tab-title\">Sustainability<\/span>\n    <span class=\"mkdf-accordion-mark\">\n\t\t<span class=\"mkdf_icon_plus icon_plus\"><\/span>\n\t\t<span class=\"mkdf_icon_minus icon_minus-06\"><\/span>\n\t<\/span>\n<\/h4>\n<div class=\"mkdf-accordion-content\">\n\t<div class=\"mkdf-accordion-content-inner\">\n\t\t\n\t<div class=\"wpb_text_column wpb_content_element\" >\n\t\t<div class=\"wpb_wrapper\">\n\t\t\t<p>Our operations by design guarantee integral sustainability: environmental, social, financial and operational.<\/p>\n\n\t\t<\/div>\n\t<\/div>\n\t<\/div>\n<\/div><\/div>\t\t<\/div>\n\t<\/div>\n<\/div><div class=\"mkdf-eh-item mkdf-appearing-section\"  data-item-class=\"mkdf-eh-custom-3232\" data-1367-1600=\"0px 0px 0 0px\" data-1025-1366=\"0px 0px 68px 0px\" data-769-1024=\"0px 0px 0 0px\" data-681-768=\"0px 0px 0 0px\" data-680=\"0px 0px 0 0px\">\n\t<div class=\"mkdf-eh-item-inner\">\n\t\t<div class=\"mkdf-eh-item-content mkdf-eh-custom-3232\" style=\"padding: 0 0 0 0\">\n\t\t\t<div class=\"mkdf-single-image-holder\">\n    <div class=\"mkdf-si-inner\" >\n                                    <img width=\"671\" height=\"1024\" src=\"https:\/\/www.blockkhoury.com\/khoury\/wp-content\/uploads\/2019\/05\/khoury_banner_6-1-671x1024.jpg\" class=\"attachment-large size-large\" alt=\"\" loading=\"lazy\" srcset=\"https:\/\/www.blockkhoury.com\/khoury\/wp-content\/uploads\/2019\/05\/khoury_banner_6-1-671x1024.jpg 671w, https:\/\/www.blockkhoury.com\/khoury\/wp-content\/uploads\/2019\/05\/khoury_banner_6-1-600x916.jpg 600w, https:\/\/www.blockkhoury.com\/khoury\/wp-content\/uploads\/2019\/05\/khoury_banner_6-1-197x300.jpg 197w, https:\/\/www.blockkhoury.com\/khoury\/wp-content\/uploads\/2019\/05\/khoury_banner_6-1.jpg 688w\" sizes=\"(max-width: 671px) 100vw, 671px\" \/>                        <\/div>\n<\/div>\t\t<\/div>\n\t<\/div>\n<\/div><div class=\"mkdf-eh-item mkdf-accordion-height-fix\"  data-item-class=\"mkdf-eh-custom-6634\" data-1367-1600=\"0 0 23px 0\" data-1025-1366=\"0 0 19px 0\" data-769-1024=\"0 0 0 0\" data-681-768=\"0 0 0 0\" data-680=\"0 0 0 0\">\n\t<div class=\"mkdf-eh-item-inner\">\n\t\t<div class=\"mkdf-eh-item-content mkdf-eh-custom-6634\" style=\"padding: 0px 0px 9px 0px\">\n\t\t\t<div class=\"mkdf-accordion-holder mkdf-ac-default  mkdf-accordion mkdf-ac-boxed mkdf-white-skin   clearfix\">\n\t<h4 class=\"mkdf-accordion-title\" style=\"color: #3c9c5f\">\n    <span class=\"mkdf-tab-title\">Construction<\/span>\n    <span class=\"mkdf-accordion-mark\">\n\t\t<span class=\"mkdf_icon_plus icon_plus\"><\/span>\n\t\t<span class=\"mkdf_icon_minus icon_minus-06\"><\/span>\n\t<\/span>\n<\/h4>\n<div class=\"mkdf-accordion-content\">\n\t<div class=\"mkdf-accordion-content-inner\">\n\t\t\n\t<div class=\"wpb_text_column wpb_content_element\" >\n\t\t<div class=\"wpb_wrapper\">\n\t\t\t<p>We love to build, without destroying. And we share this passion with our clients. This process is broader than the actual manufacturing of a real estate solution.<\/p>\n\n\t\t<\/div>\n\t<\/div>\n\t<\/div>\n<\/div><h4 class=\"mkdf-accordion-title\" style=\"color: #3c9c5f\">\n    <span class=\"mkdf-tab-title\">Caribbean &amp; Central America<\/span>\n    <span class=\"mkdf-accordion-mark\">\n\t\t<span class=\"mkdf_icon_plus icon_plus\"><\/span>\n\t\t<span class=\"mkdf_icon_minus icon_minus-06\"><\/span>\n\t<\/span>\n<\/h4>\n<div class=\"mkdf-accordion-content\">\n\t<div class=\"mkdf-accordion-content-inner\">\n\t\t\n\t<div class=\"wpb_text_column wpb_content_element\" >\n\t\t<div class=\"wpb_wrapper\">\n\t\t\t<p>We were born here. We live here. We grow here.<\/p>\n\n\t\t<\/div>\n\t<\/div>\n\t<\/div>\n<\/div><h4 class=\"mkdf-accordion-title\" style=\"color: #3c9c5f\">\n    <span class=\"mkdf-tab-title\">Shared Value<\/span>\n    <span class=\"mkdf-accordion-mark\">\n\t\t<span class=\"mkdf_icon_plus icon_plus\"><\/span>\n\t\t<span class=\"mkdf_icon_minus icon_minus-06\"><\/span>\n\t<\/span>\n<\/h4>\n<div class=\"mkdf-accordion-content\">\n\t<div class=\"mkdf-accordion-content-inner\">\n\t\t\n\t<div class=\"wpb_text_column wpb_content_element\" >\n\t\t<div class=\"wpb_wrapper\">\n\t\t\t<p>We build hand in hand with the community, doing things right from the beginning and building our future together. This defines us and gives purpose.<\/p>\n\n\t\t<\/div>\n\t<\/div>\n\t<\/div>\n<\/div><h4 class=\"mkdf-accordion-title\" style=\"color: #3c9c5f\">\n    <span class=\"mkdf-tab-title\">Shareholders and Communities<\/span>\n    <span class=\"mkdf-accordion-mark\">\n\t\t<span class=\"mkdf_icon_plus icon_plus\"><\/span>\n\t\t<span class=\"mkdf_icon_minus icon_minus-06\"><\/span>\n\t<\/span>\n<\/h4>\n<div class=\"mkdf-accordion-content\">\n\t<div class=\"mkdf-accordion-content-inner\">\n\t\t\n\t<div class=\"wpb_text_column wpb_content_element\" >\n\t\t<div class=\"wpb_wrapper\">\n\t\t\t<p>We work for them. Communities take different forms and have interests that we share. That is why we make alliances, which allow us to agree and move towards a better world.<\/p>\n\n\t\t<\/div>\n\t<\/div>\n\t<\/div>\n<\/div><\/div>\t\t<\/div>\n\t<\/div>\n<\/div><\/div><\/div><\/div><\/div><div class=\"mkdf-row-background-pattern-holder\"><div class=\"mkdf-row-background-pattern-left\"><\/div><div class=\"mkdf-row-background-pattern-right\"><\/div><\/div><\/div><\/div><\/div><div class=\"vc_row wpb_row vc_row-fluid vc_custom_1544109481237 mkdf-row-light-btt-skin\" ><div class=\"wpb_column vc_column_container vc_col-sm-12\"><div class=\"vc_column-inner\"><div class=\"wpb_wrapper\"><\/div><\/div><\/div><\/div><div class=\"mkdf-row-grid-section-wrapper\"  ><div class=\"mkdf-row-grid-section\"><div class=\"vc_row wpb_row vc_row-fluid vc_custom_1557182067131 mkdf-row-light-btt-skin mkdf-row-with-bg-pattern\" ><div class=\"wpb_column vc_column_container vc_col-sm-12 vc_col-lg-offset-0 vc_col-lg-12 vc_col-md-offset-0 vc_col-md-12 vc_col-sm-offset-0\"><div class=\"vc_column-inner\"><div class=\"wpb_wrapper\"><div class=\"mkdf-elements-holder   mkdf-three-columns  mkdf-responsive-mode-1024\" ><div class=\"mkdf-eh-item\"  data-item-class=\"mkdf-eh-custom-9183\" data-1367-1600=\"0px 0px 0 0px\" data-1025-1366=\"0px 0px 0 0px\" data-769-1024=\"0px 0px 0 0px\" data-681-768=\"0px 0px 0 0px\" data-680=\"0px 0px 0 0px\">\n\t<div class=\"mkdf-eh-item-inner\">\n\t\t<div class=\"mkdf-eh-item-content mkdf-eh-custom-9183\" style=\"padding: 0 0 0 0\">\n\t\t\t<div class=\"mkdf-section-title-holder  mkdf-st-standard mkdf-st-title-left mkdf-st-normal-space\" >\n\t<div class=\"mkdf-st-inner\">\n        \t\t\t\t\t<h2 class=\"mkdf-st-title\" style=\"color: #134025\">\n\t\t\t\tCertifications\t\t\t<\/h2>\n\t\t\t\t\t\t\t<h5 class=\"mkdf-st-text\" style=\"color: #565969;font-size: 16px;line-height: 26px;font-weight: 400;margin-top: 20px\">\n\t\t\t\tFirst company in the Dominican Republic certified:\t\t\t<\/h5>\n\t\t\t<\/div>\n<\/div>\t\t<\/div>\n\t<\/div>\n<\/div><div class=\"mkdf-eh-item\"  data-item-class=\"mkdf-eh-custom-3880\" data-1367-1600=\"0px 120px 0 50px\" data-1025-1366=\"0px 20px 0 50px\" data-769-1024=\"57px 260px 0 0px\" data-681-768=\"57px 120px 0 0px\" data-680=\"57px 0px 0 0px\">\n\t<div class=\"mkdf-eh-item-inner\">\n\t\t<div class=\"mkdf-eh-item-content mkdf-eh-custom-3880\" style=\"padding: 0px 90px 8px 80px\">\n\t\t\t<div class=\"mkdf-single-image-holder\">\n    <div class=\"mkdf-si-inner\" >\n                                    <img width=\"1008\" height=\"570\" src=\"https:\/\/www.blockkhoury.com\/khoury\/wp-content\/uploads\/2019\/05\/khoury_cert_pas2060.jpg\" class=\"attachment-full size-full\" alt=\"\" loading=\"lazy\" srcset=\"https:\/\/www.blockkhoury.com\/khoury\/wp-content\/uploads\/2019\/05\/khoury_cert_pas2060.jpg 1008w, https:\/\/www.blockkhoury.com\/khoury\/wp-content\/uploads\/2019\/05\/khoury_cert_pas2060-600x339.jpg 600w, https:\/\/www.blockkhoury.com\/khoury\/wp-content\/uploads\/2019\/05\/khoury_cert_pas2060-300x170.jpg 300w, https:\/\/www.blockkhoury.com\/khoury\/wp-content\/uploads\/2019\/05\/khoury_cert_pas2060-768x434.jpg 768w\" sizes=\"(max-width: 1008px) 100vw, 1008px\" \/>                        <\/div>\n<\/div><div class=\"vc_empty_space\"   style=\"height: 32px\"><span class=\"vc_empty_space_inner\"><\/span><\/div>\t\t<\/div>\n\t<\/div>\n<\/div><div class=\"mkdf-eh-item\"  data-item-class=\"mkdf-eh-custom-7723\" data-1367-1600=\"0px 120px 0 50px\" data-1025-1366=\"0px 20px 0 50px\" data-769-1024=\"57px 260px 0 0px\" data-681-768=\"57px 120px 0 0px\" data-680=\"57px 0px 0 0px\">\n\t<div class=\"mkdf-eh-item-inner\">\n\t\t<div class=\"mkdf-eh-item-content mkdf-eh-custom-7723\" style=\"padding: 0px 90px 8px 80px\">\n\t\t\t<div class=\"mkdf-single-image-holder\">\n    <div class=\"mkdf-si-inner\" >\n                                    <img width=\"1008\" height=\"570\" src=\"https:\/\/www.blockkhoury.com\/khoury\/wp-content\/uploads\/2019\/05\/khoury_cert_vcs.jpg\" class=\"attachment-full size-full\" alt=\"\" loading=\"lazy\" srcset=\"https:\/\/www.blockkhoury.com\/khoury\/wp-content\/uploads\/2019\/05\/khoury_cert_vcs.jpg 1008w, https:\/\/www.blockkhoury.com\/khoury\/wp-content\/uploads\/2019\/05\/khoury_cert_vcs-600x339.jpg 600w, https:\/\/www.blockkhoury.com\/khoury\/wp-content\/uploads\/2019\/05\/khoury_cert_vcs-300x170.jpg 300w, https:\/\/www.blockkhoury.com\/khoury\/wp-content\/uploads\/2019\/05\/khoury_cert_vcs-768x434.jpg 768w\" sizes=\"(max-width: 1008px) 100vw, 1008px\" \/>                        <\/div>\n<\/div><div class=\"vc_empty_space\"   style=\"height: 32px\"><span class=\"vc_empty_space_inner\"><\/span><\/div>\t\t<\/div>\n\t<\/div>\n<\/div><\/div><\/div><\/div><\/div><div class=\"mkdf-row-background-pattern-holder\"><div class=\"mkdf-row-background-pattern-left\"><\/div><div class=\"mkdf-row-background-pattern-right\"><\/div><\/div><\/div><\/div><\/div><div class=\"vc_row wpb_row vc_row-fluid vc_custom_1544109481237 mkdf-row-light-btt-skin\" ><div class=\"wpb_column vc_column_container vc_col-sm-12\"><div class=\"vc_column-inner\"><div class=\"wpb_wrapper\"><\/div><\/div><\/div><\/div>","protected":false},"excerpt":{"rendered":"Nuestra Historia Khoury Industrial fue creada en 1957 en Barahona. Su creador el Sr. Nabij Khoury comienza fabricando bloques para clientes que se encontraban en los alrededores de las instalaciones. A principio de los a\u00f1os 90\u00b4s la empresa produce un [...]","protected":false},"author":1,"featured_media":0,"parent":0,"menu_order":0,"comment_status":"closed","ping_status":"closed","template":"full-width.php","meta":[],"_links":{"self":[{"href":"https:\/\/www.blockkhoury.com\/khoury\/en\/wp-json\/wp\/v2\/pages\/25"}],"collection":[{"href":"https:\/\/www.blockkhoury.com\/khoury\/en\/wp-json\/wp\/v2\/pages"}],"about":[{"href":"https:\/\/www.blockkhoury.com\/khoury\/en\/wp-json\/wp\/v2\/types\/page"}],"author":[{"embeddable":true,"href":"https:\/\/www.blockkhoury.com\/khoury\/en\/wp-json\/wp\/v2\/users\/1"}],"replies":[{"embeddable":true,"href":"https:\/\/www.blockkhoury.com\/khoury\/en\/wp-json\/wp\/v2\/comments?post=25"}],"version-history":[{"count":24,"href":"https:\/\/www.blockkhoury.com\/khoury\/en\/wp-json\/wp\/v2\/pages\/25\/revisions"}],"predecessor-version":[{"id":6970,"href":"https:\/\/www.blockkhoury.com\/khoury\/en\/wp-json\/wp\/v2\/pages\/25\/revisions\/6970"}],"wp:attachment":[{"href":"https:\/\/www.blockkhoury.com\/khoury\/en\/wp-json\/wp\/v2\/media?parent=25"}],"curies":[{"name":"wp","href":"https:\/\/api.w.org\/{rel}","templated":true}]}}